{"id":982,"date":"2021-06-25T15:47:24","date_gmt":"2021-06-25T15:47:24","guid":{"rendered":"https:\/\/www.guacamayalodge.com\/restaurant\/"},"modified":"2025-12-01T00:05:13","modified_gmt":"2025-12-01T00:05:13","slug":"restaurant","status":"publish","type":"page","link":"https:\/\/www.guacamayalodge.com\/de\/restaurant\/","title":{"rendered":"Restaurant"},"content":{"rendered":"","protected":false},"excerpt":{"rendered":"","protected":false},"author":2,"featured_media":0,"parent":0,"menu_order":0,"comment_status":"closed","ping_status":"closed","template":"","meta":[],"yoast_head":"<!-- This site is optimized with the Yoast SEO plugin v16.3 - https:\/\/yoast.com\/wordpress\/plugins\/seo\/ -->\n<title>Restaurant Fr\u00fchst\u00fcck Mittag- oder Abendessen in Playa Junquillal, Guanacaste, Costa Rica, Guacamaya Lodge<\/title>\n<meta name=\"description\" content=\"Das Restaurant ist das Herz und Zentrum von der Guacamaya Lodge. Umgeben von einem wundersch\u00f6nen Garten und einem imposanten Blick in den Dschungel kann man das Fr\u00fchst\u00fcck, Mittag- und Abendessen zu sich nehmen. Unser Menu kombiniert einheimische, internationale und schweizerische Spezialit\u00e4ten.\" \/>\n<meta name=\"robots\" content=\"index, follow, max-snippet:-1, max-image-preview:large, max-video-preview:-1\" \/>\n<link rel=\"canonical\" href=\"https:\/\/www.guacamayalodge.com\/de\/restaurant\/\" \/>\n<meta property=\"og:locale\" content=\"de_DE\" \/>\n<meta property=\"og:type\" content=\"article\" \/>\n<meta property=\"og:title\" content=\"Restaurant Fr\u00fchst\u00fcck Mittag- oder Abendessen in Playa Junquillal, Guanacaste, Costa Rica, Guacamaya Lodge\" \/>\n<meta property=\"og:description\" content=\"Das Restaurant ist das Herz und Zentrum von der Guacamaya Lodge. Umgeben von einem wundersch\u00f6nen Garten und einem imposanten Blick in den Dschungel kann man das Fr\u00fchst\u00fcck, Mittag- und Abendessen zu sich nehmen. Unser Menu kombiniert einheimische, internationale und schweizerische Spezialit\u00e4ten.\" \/>\n<meta property=\"og:url\" content=\"https:\/\/www.guacamayalodge.com\/de\/restaurant\/\" \/>\n<meta property=\"og:site_name\" content=\"Guacamaya Lodge\" \/>\n<meta property=\"article:publisher\" content=\"https:\/\/www.facebook.com\/guacamayalodge\" \/>\n<meta property=\"article:modified_time\" content=\"2025-12-01T00:05:13+00:00\" \/>\n<meta name=\"twitter:card\" content=\"summary_large_image\" \/>\n<script type=\"application\/ld+json\" class=\"yoast-schema-graph\">{\"@context\":\"https:\/\/schema.org\",\"@graph\":[{\"@type\":\"Organization\",\"@id\":\"https:\/\/www.guacamayalodge.com\/#organization\",\"name\":\"Guacamaya Lodge\",\"url\":\"https:\/\/www.guacamayalodge.com\/\",\"sameAs\":[\"https:\/\/www.facebook.com\/guacamayalodge\",\"https:\/\/instagram.com\/guacamaya_lodge\"],\"logo\":{\"@type\":\"ImageObject\",\"@id\":\"https:\/\/www.guacamayalodge.com\/#logo\",\"inLanguage\":\"de-DE\",\"url\":\"https:\/\/www.guacamayalodge.com\/wp-content\/uploads\/2021\/07\/logo-guacamaya-hotel.svg\",\"contentUrl\":\"https:\/\/www.guacamayalodge.com\/wp-content\/uploads\/2021\/07\/logo-guacamaya-hotel.svg\",\"width\":1742,\"height\":984,\"caption\":\"Guacamaya Lodge\"},\"image\":{\"@id\":\"https:\/\/www.guacamayalodge.com\/#logo\"}},{\"@type\":\"WebSite\",\"@id\":\"https:\/\/www.guacamayalodge.com\/#website\",\"url\":\"https:\/\/www.guacamayalodge.com\/\",\"name\":\"Guacamaya Lodge\",\"description\":\"Guacamaya Lodge\",\"publisher\":{\"@id\":\"https:\/\/www.guacamayalodge.com\/#organization\"},\"potentialAction\":[{\"@type\":\"SearchAction\",\"target\":\"https:\/\/www.guacamayalodge.com\/?s={search_term_string}\",\"query-input\":\"required name=search_term_string\"}],\"inLanguage\":\"de-DE\"},{\"@type\":\"WebPage\",\"@id\":\"https:\/\/www.guacamayalodge.com\/de\/restaurant\/#webpage\",\"url\":\"https:\/\/www.guacamayalodge.com\/de\/restaurant\/\",\"name\":\"Restaurant Fr\\u00fchst\\u00fcck Mittag- oder Abendessen in Playa Junquillal, Guanacaste, Costa Rica, Guacamaya Lodge\",\"isPartOf\":{\"@id\":\"https:\/\/www.guacamayalodge.com\/#website\"},\"datePublished\":\"2021-06-25T15:47:24+00:00\",\"dateModified\":\"2025-12-01T00:05:13+00:00\",\"description\":\"Das Restaurant ist das Herz und Zentrum von der Guacamaya Lodge. Umgeben von einem wundersch\\u00f6nen Garten und einem imposanten Blick in den Dschungel kann man das Fr\\u00fchst\\u00fcck, Mittag- und Abendessen zu sich nehmen. Unser Menu kombiniert einheimische, internationale und schweizerische Spezialit\\u00e4ten.\",\"breadcrumb\":{\"@id\":\"https:\/\/www.guacamayalodge.com\/de\/restaurant\/#breadcrumb\"},\"inLanguage\":\"de-DE\",\"potentialAction\":[{\"@type\":\"ReadAction\",\"target\":[\"https:\/\/www.guacamayalodge.com\/de\/restaurant\/\"]}]},{\"@type\":\"BreadcrumbList\",\"@id\":\"https:\/\/www.guacamayalodge.com\/de\/restaurant\/#breadcrumb\",\"itemListElement\":[{\"@type\":\"ListItem\",\"position\":1,\"item\":{\"@type\":\"WebPage\",\"@id\":\"https:\/\/www.guacamayalodge.com\/de\/\",\"url\":\"https:\/\/www.guacamayalodge.com\/de\/\",\"name\":\"Home\"}},{\"@type\":\"ListItem\",\"position\":2,\"item\":{\"@id\":\"https:\/\/www.guacamayalodge.com\/de\/restaurant\/#webpage\"}}]}]}<\/script>\n<!-- \/ Yoast SEO plugin. -->","_links":{"self":[{"href":"https:\/\/www.guacamayalodge.com\/de\/wp-json\/wp\/v2\/pages\/982"}],"collection":[{"href":"https:\/\/www.guacamayalodge.com\/de\/wp-json\/wp\/v2\/pages"}],"about":[{"href":"https:\/\/www.guacamayalodge.com\/de\/wp-json\/wp\/v2\/types\/page"}],"author":[{"embeddable":true,"href":"https:\/\/www.guacamayalodge.com\/de\/wp-json\/wp\/v2\/users\/2"}],"replies":[{"embeddable":true,"href":"https:\/\/www.guacamayalodge.com\/de\/wp-json\/wp\/v2\/comments?post=982"}],"version-history":[{"count":1,"href":"https:\/\/www.guacamayalodge.com\/de\/wp-json\/wp\/v2\/pages\/982\/revisions"}],"predecessor-version":[{"id":984,"href":"https:\/\/www.guacamayalodge.com\/de\/wp-json\/wp\/v2\/pages\/982\/revisions\/984"}],"wp:attachment":[{"href":"https:\/\/www.guacamayalodge.com\/de\/wp-json\/wp\/v2\/media?parent=982"}],"curies":[{"name":"wp","href":"https:\/\/api.w.org\/{rel}","templated":true}]}}