{"id":978,"date":"2021-06-23T20:34:40","date_gmt":"2021-06-23T20:34:40","guid":{"rendered":"https:\/\/www.guacamayalodge.com\/activities\/"},"modified":"2025-03-30T20:49:18","modified_gmt":"2025-03-30T20:49:18","slug":"aktivitaten","status":"publish","type":"page","link":"https:\/\/www.guacamayalodge.com\/de\/aktivitaten\/","title":{"rendered":"Aktivit\u00e4ten und Umgebung"},"content":{"rendered":"","protected":false},"excerpt":{"rendered":"","protected":false},"author":2,"featured_media":0,"parent":0,"menu_order":0,"comment_status":"closed","ping_status":"closed","template":"","meta":[],"yoast_head":"<!-- This site is optimized with the Yoast SEO plugin v16.3 - https:\/\/yoast.com\/wordpress\/plugins\/seo\/ -->\n<title>Tennis, Golf, Fischen, Surfen, Yoga und mehr in Playa Junquillal, Guanacaste, Costa Rica, Guacamaya Lodge<\/title>\n<meta name=\"description\" content=\"Die Umgebung der Guacamaya Lodge bietet eine Vielfalt von M\u00f6glichkeiten an, um Ihre Ferien zu vervollst\u00e4ndigen, wie Tennis, surfen, schnorcheln, schwimmen, Boogie boarden, Yoga, reiten, gef\u00fchrte Touren, Golf, fischen und vieles mehr.\" \/>\n<meta name=\"robots\" content=\"index, follow, max-snippet:-1, max-image-preview:large, max-video-preview:-1\" \/>\n<link rel=\"canonical\" href=\"https:\/\/www.guacamayalodge.com\/de\/aktivitaten\/\" \/>\n<meta property=\"og:locale\" content=\"de_DE\" \/>\n<meta property=\"og:type\" content=\"article\" \/>\n<meta property=\"og:title\" content=\"Tennis, Golf, Fischen, Surfen, Yoga und mehr in Playa Junquillal, Guanacaste, Costa Rica, Guacamaya Lodge\" \/>\n<meta property=\"og:description\" content=\"Die Umgebung der Guacamaya Lodge bietet eine Vielfalt von M\u00f6glichkeiten an, um Ihre Ferien zu vervollst\u00e4ndigen, wie Tennis, surfen, schnorcheln, schwimmen, Boogie boarden, Yoga, reiten, gef\u00fchrte Touren, Golf, fischen und vieles mehr.\" \/>\n<meta property=\"og:url\" content=\"https:\/\/www.guacamayalodge.com\/de\/aktivitaten\/\" \/>\n<meta property=\"og:site_name\" content=\"Guacamaya Lodge\" \/>\n<meta property=\"article:publisher\" content=\"https:\/\/www.facebook.com\/guacamayalodge\" \/>\n<meta property=\"article:modified_time\" content=\"2025-03-30T20:49:18+00:00\" \/>\n<meta name=\"twitter:card\" content=\"summary_large_image\" \/>\n<script type=\"application\/ld+json\" class=\"yoast-schema-graph\">{\"@context\":\"https:\/\/schema.org\",\"@graph\":[{\"@type\":\"Organization\",\"@id\":\"https:\/\/www.guacamayalodge.com\/#organization\",\"name\":\"Guacamaya Lodge\",\"url\":\"https:\/\/www.guacamayalodge.com\/\",\"sameAs\":[\"https:\/\/www.facebook.com\/guacamayalodge\",\"https:\/\/instagram.com\/guacamaya_lodge\"],\"logo\":{\"@type\":\"ImageObject\",\"@id\":\"https:\/\/www.guacamayalodge.com\/#logo\",\"inLanguage\":\"de-DE\",\"url\":\"https:\/\/www.guacamayalodge.com\/wp-content\/uploads\/2021\/07\/logo-guacamaya-hotel.svg\",\"contentUrl\":\"https:\/\/www.guacamayalodge.com\/wp-content\/uploads\/2021\/07\/logo-guacamaya-hotel.svg\",\"width\":1742,\"height\":984,\"caption\":\"Guacamaya Lodge\"},\"image\":{\"@id\":\"https:\/\/www.guacamayalodge.com\/#logo\"}},{\"@type\":\"WebSite\",\"@id\":\"https:\/\/www.guacamayalodge.com\/#website\",\"url\":\"https:\/\/www.guacamayalodge.com\/\",\"name\":\"Guacamaya Lodge\",\"description\":\"Guacamaya Lodge\",\"publisher\":{\"@id\":\"https:\/\/www.guacamayalodge.com\/#organization\"},\"potentialAction\":[{\"@type\":\"SearchAction\",\"target\":\"https:\/\/www.guacamayalodge.com\/?s={search_term_string}\",\"query-input\":\"required name=search_term_string\"}],\"inLanguage\":\"de-DE\"},{\"@type\":\"WebPage\",\"@id\":\"https:\/\/www.guacamayalodge.com\/de\/aktivitaten\/#webpage\",\"url\":\"https:\/\/www.guacamayalodge.com\/de\/aktivitaten\/\",\"name\":\"Tennis, Golf, Fischen, Surfen, Yoga und mehr in Playa Junquillal, Guanacaste, Costa Rica, Guacamaya Lodge\",\"isPartOf\":{\"@id\":\"https:\/\/www.guacamayalodge.com\/#website\"},\"datePublished\":\"2021-06-23T20:34:40+00:00\",\"dateModified\":\"2025-03-30T20:49:18+00:00\",\"description\":\"Die Umgebung der Guacamaya Lodge bietet eine Vielfalt von M\\u00f6glichkeiten an, um Ihre Ferien zu vervollst\\u00e4ndigen, wie Tennis, surfen, schnorcheln, schwimmen, Boogie boarden, Yoga, reiten, gef\\u00fchrte Touren, Golf, fischen und vieles mehr.\",\"breadcrumb\":{\"@id\":\"https:\/\/www.guacamayalodge.com\/de\/aktivitaten\/#breadcrumb\"},\"inLanguage\":\"de-DE\",\"potentialAction\":[{\"@type\":\"ReadAction\",\"target\":[\"https:\/\/www.guacamayalodge.com\/de\/aktivitaten\/\"]}]},{\"@type\":\"BreadcrumbList\",\"@id\":\"https:\/\/www.guacamayalodge.com\/de\/aktivitaten\/#breadcrumb\",\"itemListElement\":[{\"@type\":\"ListItem\",\"position\":1,\"item\":{\"@type\":\"WebPage\",\"@id\":\"https:\/\/www.guacamayalodge.com\/de\/\",\"url\":\"https:\/\/www.guacamayalodge.com\/de\/\",\"name\":\"Home\"}},{\"@type\":\"ListItem\",\"position\":2,\"item\":{\"@id\":\"https:\/\/www.guacamayalodge.com\/de\/aktivitaten\/#webpage\"}}]}]}<\/script>\n<!-- \/ Yoast SEO plugin. -->","_links":{"self":[{"href":"https:\/\/www.guacamayalodge.com\/de\/wp-json\/wp\/v2\/pages\/978"}],"collection":[{"href":"https:\/\/www.guacamayalodge.com\/de\/wp-json\/wp\/v2\/pages"}],"about":[{"href":"https:\/\/www.guacamayalodge.com\/de\/wp-json\/wp\/v2\/types\/page"}],"author":[{"embeddable":true,"href":"https:\/\/www.guacamayalodge.com\/de\/wp-json\/wp\/v2\/users\/2"}],"replies":[{"embeddable":true,"href":"https:\/\/www.guacamayalodge.com\/de\/wp-json\/wp\/v2\/comments?post=978"}],"version-history":[{"count":2,"href":"https:\/\/www.guacamayalodge.com\/de\/wp-json\/wp\/v2\/pages\/978\/revisions"}],"predecessor-version":[{"id":1018,"href":"https:\/\/www.guacamayalodge.com\/de\/wp-json\/wp\/v2\/pages\/978\/revisions\/1018"}],"wp:attachment":[{"href":"https:\/\/www.guacamayalodge.com\/de\/wp-json\/wp\/v2\/media?parent=978"}],"curies":[{"name":"wp","href":"https:\/\/api.w.org\/{rel}","templated":true}]}}